{"id":2496,"date":"2025-08-19T09:27:03","date_gmt":"2025-08-19T08:27:03","guid":{"rendered":"https:\/\/traindy.io\/?page_id=2496"},"modified":"2025-10-27T15:16:20","modified_gmt":"2025-10-27T14:16:20","slug":"cas-clients","status":"publish","type":"page","link":"https:\/\/traindy.io\/fr\/cas-clients\/","title":{"rendered":"Cas clients"},"content":{"rendered":"<p>[et_pb_section fb_built=\u00a0\u00bb1&Prime; _builder_version=\u00a0\u00bb4.27.4&Prime; _module_preset=\u00a0\u00bbdefault\u00a0\u00bb background_color=\u00a0\u00bb#F5EBF0&Prime; global_colors_info=\u00a0\u00bb{}\u00a0\u00bb][et_pb_row column_structure=\u00a0\u00bb1_5,3_5,1_5&Prime; _builder_version=\u00a0\u00bb4.27.4&Prime; _module_preset=\u00a0\u00bbdefault\u00a0\u00bb custom_margin=\u00a0\u00bb||50px||false|false\u00a0\u00bb global_colors_info=\u00a0\u00bb{}\u00a0\u00bb][et_pb_column type=\u00a0\u00bb1_5&Prime; _builder_version=\u00a0\u00bb4.27.4&Prime; _module_preset=\u00a0\u00bbdefault\u00a0\u00bb global_colors_info=\u00a0\u00bb{}\u00a0\u00bb][\/et_pb_column][et_pb_column type=\u00a0\u00bb3_5&Prime; _builder_version=\u00a0\u00bb4.27.4&Prime; _module_preset=\u00a0\u00bbdefault\u00a0\u00bb global_colors_info=\u00a0\u00bb{}\u00a0\u00bb][et_pb_text _builder_version=\u00a0\u00bb4.27.4&Prime; _module_preset=\u00a0\u00bbdefault\u00a0\u00bb header_font_size=\u00a0\u00bb40px\u00a0\u00bb custom_margin=\u00a0\u00bb||0px||false|false\u00a0\u00bb custom_padding=\u00a0\u00bb||0px||false|false\u00a0\u00bb global_colors_info=\u00a0\u00bb{}\u00a0\u00bb]<\/p>\n<h1 style=\"text-align: center;\">Cas clients<\/h1>\n<p>[\/et_pb_text][et_pb_text _builder_version=\u00a0\u00bb4.27.4&Prime; _module_preset=\u00a0\u00bbdefault\u00a0\u00bb global_colors_info=\u00a0\u00bb{}\u00a0\u00bb]<\/p>\n<p style=\"text-align: center;\"><em>Depuis 2020, nous accompagnons nos clients principalement dans le secteur de la formation professionnelle et continue avec une confiance sans cesse renouvell\u00e9e. D\u00e9couvrez quelques uns de nos projets phares avec eux.<\/em><\/p>\n<p>[\/et_pb_text][\/et_pb_column][et_pb_column type=\u00a0\u00bb1_5&Prime; _builder_version=\u00a0\u00bb4.27.4&Prime; _module_preset=\u00a0\u00bbdefault\u00a0\u00bb global_colors_info=\u00a0\u00bb{}\u00a0\u00bb][\/et_pb_column][\/et_pb_row][et_pb_row column_structure=\u00a0\u00bb1_3,1_3,1_3&Prime; make_equal=\u00a0\u00bbon\u00a0\u00bb _builder_version=\u00a0\u00bb4.27.4&Prime; _module_preset=\u00a0\u00bbdefault\u00a0\u00bb global_colors_info=\u00a0\u00bb{}\u00a0\u00bb][et_pb_column type=\u00a0\u00bb1_3&Prime; _builder_version=\u00a0\u00bb4.27.4&Prime; _module_preset=\u00a0\u00bbdefault\u00a0\u00bb global_colors_info=\u00a0\u00bb{}\u00a0\u00bb][ba_card photo=\u00a0\u00bbhttps:\/\/traindy.io\/wp-content\/uploads\/2025\/09\/logo_drhat.png\u00a0\u00bb title=\u00a0\u00bbComment mieux accompagner ses apprenants\u2009?\u00a0\u00bb description=\u00a0\u00bb<\/p>\n<p style=%22text-align: left;%22>Arm\u00e9e de Terre &#8211; 2024<\/p>\n<p>\u00a0\u00bb use_button=\u00a0\u00bbon\u00a0\u00bb button_text=\u00a0\u00bbVoir le cas\u00a0\u00bb button_link=\u00a0\u00bb@ET-DC@eyJkeW5hbWljIjp0cnVlLCJjb250ZW50IjoicG9zdF9saW5rX3VybF9wYWdlIiwic2V0dGluZ3MiOnsicG9zdF9pZCI6IjMyMTkifX0=@\u00a0\u00bb image_hover_animation=\u00a0\u00bbtada\u00a0\u00bb image_overflow=\u00a0\u00bbvisible\u00a0\u00bb custom_height=\u00a0\u00bboff\u00a0\u00bb image_width=\u00a0\u00bb80px\u00a0\u00bb image_padding=\u00a0\u00bb0px||0px|0px|false|false\u00a0\u00bb btn_spacing_top=\u00a0\u00bb20px\u00a0\u00bb content_overflow=\u00a0\u00bbhidden\u00a0\u00bb content_padding=\u00a0\u00bb0px|0px|0px|0px|false|false\u00a0\u00bb overlay_icon_color=\u00a0\u00bbRGBA(255,255,255,0)\u00a0\u00bb overlay_color=\u00a0\u00bbRGBA(255,255,255,0)\u00a0\u00bb _builder_version=\u00a0\u00bb4.27.4&Prime; _dynamic_attributes=\u00a0\u00bbbutton_link\u00a0\u00bb _module_preset=\u00a0\u00bbdefault\u00a0\u00bb title_font=\u00a0\u00bb||||||||\u00a0\u00bb title_text_color=\u00a0\u00bb#323232&Prime; title_font_size=\u00a0\u00bb2.1rem\u00a0\u00bb title_line_height=\u00a0\u00bb1.2em\u00a0\u00bb description_font=\u00a0\u00bb||on||||||\u00a0\u00bb description_text_color=\u00a0\u00bb#979197&Prime; background_color=\u00a0\u00bb#FFFFFF\u00a0\u00bb custom_button=\u00a0\u00bbon\u00a0\u00bb button_text_size=\u00a0\u00bb1rem\u00a0\u00bb button_text_color=\u00a0\u00bb#FFFFFF\u00a0\u00bb button_bg_color=\u00a0\u00bb#E73A5E\u00a0\u00bb button_border_width=\u00a0\u00bb0px\u00a0\u00bb button_border_color=\u00a0\u00bbRGBA(255,255,255,0)\u00a0\u00bb button_border_radius=\u00a0\u00bb8px\u00a0\u00bb button_font=\u00a0\u00bb|700|||||||\u00a0\u00bb button_icon=\u00a0\u00bb&#xf054;||fa||900&Prime; custom_padding=\u00a0\u00bb30px|30px|30px|30px|false|false\u00a0\u00bb custom_css_main_element=\u00a0\u00bbheight:100% !important;\u00a0\u00bb custom_css_image=\u00a0\u00bbmargin-bottom: 20px;\u00a0\u00bb custom_css_button=\u00a0\u00bbmargin-top:20px !important;\u00a0\u00bb border_radii_card=\u00a0\u00bbon|20px|20px|20px|20px\u00a0\u00bb border_width_all_card=\u00a0\u00bb0px\u00a0\u00bb border_color_all_card=\u00a0\u00bbRGBA(255,255,255,0)\u00a0\u00bb border_style_all_card=\u00a0\u00bbsolid\u00a0\u00bb border_width_right_card=\u00a0\u00bb1px\u00a0\u00bb border_color_all_photo=\u00a0\u00bbRGBA(255,255,255,0)\u00a0\u00bb border_style_all_photo=\u00a0\u00bbnone\u00a0\u00bb box_shadow_style=\u00a0\u00bbpreset1&Prime; global_colors_info=\u00a0\u00bb{}\u00a0\u00bb][\/ba_card][\/et_pb_column][et_pb_column type=\u00a0\u00bb1_3&Prime; _builder_version=\u00a0\u00bb4.27.4&Prime; _module_preset=\u00a0\u00bbdefault\u00a0\u00bb global_colors_info=\u00a0\u00bb{}\u00a0\u00bb][ba_card photo=\u00a0\u00bbhttps:\/\/traindy.io\/wp-content\/uploads\/2025\/08\/logo_federation-francaise-football.png\u00a0\u00bb title=\u00a0\u00bbComment op\u00e9rationnaliser une vision p\u00e9dagogique ?\u00a0\u00bb description=\u00a0\u00bb<\/p>\n<p style=%22text-align: left;%22>F\u00e9d\u00e9ration Fran\u00e7aise de Foot &#8211; 2024<\/p>\n<p>\u00a0\u00bb use_button=\u00a0\u00bbon\u00a0\u00bb button_text=\u00a0\u00bbVoir le cas\u00a0\u00bb button_link=\u00a0\u00bb@ET-DC@eyJkeW5hbWljIjp0cnVlLCJjb250ZW50IjoicG9zdF9saW5rX3VybF9wYWdlIiwic2V0dGluZ3MiOnsicG9zdF9pZCI6IjI1ODUifX0=@\u00a0\u00bb image_hover_animation=\u00a0\u00bbtada\u00a0\u00bb image_overflow=\u00a0\u00bbvisible\u00a0\u00bb custom_height=\u00a0\u00bboff\u00a0\u00bb image_width=\u00a0\u00bb120px\u00a0\u00bb image_padding=\u00a0\u00bb0px||0px|0px|false|false\u00a0\u00bb btn_spacing_top=\u00a0\u00bb20px\u00a0\u00bb content_overflow=\u00a0\u00bbhidden\u00a0\u00bb content_padding=\u00a0\u00bb0px|0px|0px|0px|false|false\u00a0\u00bb overlay_icon_color=\u00a0\u00bbRGBA(255,255,255,0)\u00a0\u00bb overlay_color=\u00a0\u00bbRGBA(255,255,255,0)\u00a0\u00bb _builder_version=\u00a0\u00bb4.27.4&Prime; _dynamic_attributes=\u00a0\u00bbbutton_link\u00a0\u00bb _module_preset=\u00a0\u00bbdefault\u00a0\u00bb title_font=\u00a0\u00bb||||||||\u00a0\u00bb title_text_color=\u00a0\u00bb#323232&Prime; title_font_size=\u00a0\u00bb2.1rem\u00a0\u00bb title_line_height=\u00a0\u00bb1.2em\u00a0\u00bb description_font=\u00a0\u00bb||on||||||\u00a0\u00bb description_text_color=\u00a0\u00bb#979197&Prime; background_color=\u00a0\u00bb#FFFFFF\u00a0\u00bb custom_button=\u00a0\u00bbon\u00a0\u00bb button_text_size=\u00a0\u00bb1rem\u00a0\u00bb button_text_color=\u00a0\u00bb#FFFFFF\u00a0\u00bb button_bg_color=\u00a0\u00bb#E73A5E\u00a0\u00bb button_border_width=\u00a0\u00bb0px\u00a0\u00bb button_border_color=\u00a0\u00bbRGBA(255,255,255,0)\u00a0\u00bb button_border_radius=\u00a0\u00bb8px\u00a0\u00bb button_font=\u00a0\u00bb|700|||||||\u00a0\u00bb button_icon=\u00a0\u00bb&#xf054;||fa||900&Prime; custom_padding=\u00a0\u00bb30px|30px|30px|30px|false|false\u00a0\u00bb custom_css_main_element=\u00a0\u00bbheight:100% !important;\u00a0\u00bb custom_css_image=\u00a0\u00bbmargin-bottom: 20px;\u00a0\u00bb custom_css_button=\u00a0\u00bbmargin-top:20px !important;\u00a0\u00bb border_radii_card=\u00a0\u00bbon|20px|20px|20px|20px\u00a0\u00bb border_width_all_card=\u00a0\u00bb0px\u00a0\u00bb border_color_all_card=\u00a0\u00bbRGBA(255,255,255,0)\u00a0\u00bb border_style_all_card=\u00a0\u00bbsolid\u00a0\u00bb border_width_right_card=\u00a0\u00bb1px\u00a0\u00bb border_color_all_photo=\u00a0\u00bbRGBA(255,255,255,0)\u00a0\u00bb border_style_all_photo=\u00a0\u00bbnone\u00a0\u00bb box_shadow_style=\u00a0\u00bbpreset1&Prime; global_colors_info=\u00a0\u00bb{}\u00a0\u00bb][\/ba_card][\/et_pb_column][et_pb_column type=\u00a0\u00bb1_3&Prime; _builder_version=\u00a0\u00bb4.27.4&Prime; _module_preset=\u00a0\u00bbdefault\u00a0\u00bb global_colors_info=\u00a0\u00bb{}\u00a0\u00bb][ba_card photo=\u00a0\u00bbhttps:\/\/traindy.io\/wp-content\/uploads\/2025\/08\/logo_sf-conseil.png\u00a0\u00bb title=\u00a0\u00bbComment transformer l&rsquo;expertise en innovation ?\u00a0\u00bb description=\u00a0\u00bb<\/p>\n<p>SF Conseil &#8211; 2023<\/p>\n<p>\u00a0\u00bb use_button=\u00a0\u00bbon\u00a0\u00bb button_text=\u00a0\u00bbVoir le cas\u00a0\u00bb button_link=\u00a0\u00bb@ET-DC@eyJkeW5hbWljIjp0cnVlLCJjb250ZW50IjoicG9zdF9saW5rX3VybF9wYWdlIiwic2V0dGluZ3MiOnsicG9zdF9pZCI6IjI0OTgifX0=@\u00a0\u00bb image_hover_animation=\u00a0\u00bbtada\u00a0\u00bb image_overflow=\u00a0\u00bbvisible\u00a0\u00bb custom_height=\u00a0\u00bboff\u00a0\u00bb image_width=\u00a0\u00bb120px\u00a0\u00bb image_padding=\u00a0\u00bb0px||0px|0px|false|false\u00a0\u00bb btn_spacing_top=\u00a0\u00bb20px\u00a0\u00bb content_overflow=\u00a0\u00bbhidden\u00a0\u00bb content_padding=\u00a0\u00bb0px|0px|0px|0px|false|false\u00a0\u00bb overlay_icon_color=\u00a0\u00bbRGBA(255,255,255,0)\u00a0\u00bb overlay_color=\u00a0\u00bbRGBA(255,255,255,0)\u00a0\u00bb _builder_version=\u00a0\u00bb4.27.4&Prime; _dynamic_attributes=\u00a0\u00bbbutton_link\u00a0\u00bb _module_preset=\u00a0\u00bbdefault\u00a0\u00bb title_font=\u00a0\u00bb||||||||\u00a0\u00bb title_text_color=\u00a0\u00bb#323232&Prime; title_font_size=\u00a0\u00bb2.1rem\u00a0\u00bb title_line_height=\u00a0\u00bb1.2em\u00a0\u00bb description_font=\u00a0\u00bb||on||||||\u00a0\u00bb description_text_color=\u00a0\u00bb#979197&Prime; background_color=\u00a0\u00bb#FFFFFF\u00a0\u00bb custom_button=\u00a0\u00bbon\u00a0\u00bb button_text_size=\u00a0\u00bb1rem\u00a0\u00bb button_text_color=\u00a0\u00bb#FFFFFF\u00a0\u00bb button_bg_color=\u00a0\u00bb#E73A5E\u00a0\u00bb button_border_width=\u00a0\u00bb0px\u00a0\u00bb button_border_color=\u00a0\u00bbRGBA(255,255,255,0)\u00a0\u00bb button_border_radius=\u00a0\u00bb8px\u00a0\u00bb button_font=\u00a0\u00bb|700|||||||\u00a0\u00bb button_icon=\u00a0\u00bb&#xf054;||fa||900&Prime; custom_padding=\u00a0\u00bb30px|30px|30px|30px|false|false\u00a0\u00bb custom_css_main_element=\u00a0\u00bbheight:100%!important;\u00a0\u00bb custom_css_image=\u00a0\u00bbmargin-bottom: 20px;\u00a0\u00bb custom_css_button=\u00a0\u00bbmargin-top:20px !important;\u00a0\u00bb border_radii_card=\u00a0\u00bbon|20px|20px|20px|20px\u00a0\u00bb border_width_all_card=\u00a0\u00bb0px\u00a0\u00bb border_color_all_card=\u00a0\u00bbRGBA(255,255,255,0)\u00a0\u00bb border_style_all_card=\u00a0\u00bbsolid\u00a0\u00bb border_width_right_card=\u00a0\u00bb1px\u00a0\u00bb border_color_all_photo=\u00a0\u00bbRGBA(255,255,255,0)\u00a0\u00bb border_style_all_photo=\u00a0\u00bbnone\u00a0\u00bb box_shadow_style=\u00a0\u00bbpreset1&Prime; global_colors_info=\u00a0\u00bb{}\u00a0\u00bb][\/ba_card][\/et_pb_column][\/et_pb_row][\/et_pb_section][et_pb_section fb_built=\u00a0\u00bb1&Prime; admin_label=\u00a0\u00bbCall to Action\u00a0\u00bb _builder_version=\u00a0\u00bb4.27.4&Prime; _module_preset=\u00a0\u00bbdefault\u00a0\u00bb background_color=\u00a0\u00bb#4AB2BC\u00a0\u00bb locked=\u00a0\u00bboff\u00a0\u00bb collapsed=\u00a0\u00bbon\u00a0\u00bb global_colors_info=\u00a0\u00bb{}\u00a0\u00bb][et_pb_row _builder_version=\u00a0\u00bb4.23&Prime; _module_preset=\u00a0\u00bb5138c454-be54-4233-bd3b-f8e6a8747976&Prime; global_colors_info=\u00a0\u00bb{}\u00a0\u00bb][et_pb_column type=\u00a0\u00bb4_4&Prime; _builder_version=\u00a0\u00bb4.16&Prime; _module_preset=\u00a0\u00bb73121f80-a3ef-4484-8763-c3f18e3c56d2&Prime; global_colors_info=\u00a0\u00bb{}\u00a0\u00bb][et_pb_cta title=\u00a0\u00bbVous avez un projet similaire ?\u00a0\u00bb button_url=\u00a0\u00bb@ET-DC@eyJkeW5hbWljIjp0cnVlLCJjb250ZW50IjoicG9zdF9saW5rX3VybF9wYWdlIiwic2V0dGluZ3MiOnsicG9zdF9pZCI6Ijg2In19@\u00a0\u00bb button_text=\u00a0\u00bbDiscutons-en !\u00a0\u00bb _builder_version=\u00a0\u00bb4.27.4&Prime; _dynamic_attributes=\u00a0\u00bbbutton_url\u00a0\u00bb _module_preset=\u00a0\u00bb0cae81ab-7223-4b50-8e71-bfb309c58c86&Prime; header_font=\u00a0\u00bbPoppins|Poppins_weight|||||||\u00a0\u00bb header_font_size=\u00a0\u00bb50px\u00a0\u00bb header_line_height=\u00a0\u00bb1.2em\u00a0\u00bb body_font=\u00a0\u00bbPoppins|Poppins_weight|||||||\u00a0\u00bb body_font_size=\u00a0\u00bb18px\u00a0\u00bb body_line_height=\u00a0\u00bb1.75em\u00a0\u00bb body_link_font=\u00a0\u00bb||||||||\u00a0\u00bb body_link_text_color=\u00a0\u00bb#FFFFFF\u00a0\u00bb background_enable_color=\u00a0\u00bboff\u00a0\u00bb use_background_color=\u00a0\u00bboff\u00a0\u00bb custom_button=\u00a0\u00bbon\u00a0\u00bb button_text_size=\u00a0\u00bb14px\u00a0\u00bb button_text_color=\u00a0\u00bb#4AB2BC\u00a0\u00bb button_bg_color=\u00a0\u00bb#FFFFFF\u00a0\u00bb button_border_width=\u00a0\u00bb0px\u00a0\u00bb button_border_radius=\u00a0\u00bb100px\u00a0\u00bb button_font=\u00a0\u00bbPoppins|700|||||||\u00a0\u00bb button_custom_padding=\u00a0\u00bb12px|24px|12px|24px|true|true\u00a0\u00bb header_font_size_tablet=\u00a0\u00bb28px\u00a0\u00bb header_font_size_phone=\u00a0\u00bb20px\u00a0\u00bb header_font_size_last_edited=\u00a0\u00bbon|phone\u00a0\u00bb body_font_size_tablet=\u00a0\u00bb16px\u00a0\u00bb body_font_size_phone=\u00a0\u00bb14px\u00a0\u00bb body_font_size_last_edited=\u00a0\u00bbon|phone\u00a0\u00bb border_radii=\u00a0\u00bbon|6px|6px|6px|6px\u00a0\u00bb locked=\u00a0\u00bboff\u00a0\u00bb global_colors_info=\u00a0\u00bb{%22gcid-f2943306-fa6c-45f0-b632-5fc00151366a%22:%91%22button_text_color%22%93,%22gcid-36fd78a7-34bc-404d-873c-dafa34efaae5%22:%91%22button_text_color%22%93}\u00a0\u00bb text_font_size_tablet=\u00a0\u00bb16px\u00a0\u00bb text_font_size_phone=\u00a0\u00bb14px\u00a0\u00bb text_font_size_last_edited=\u00a0\u00bbon|phone\u00a0\u00bb]<\/p>\n<p>Si vous travaillez sur un projet qui pourrait b\u00e9n\u00e9ficier de notre expertise, nous serions ravis d&rsquo;en discuter avec vous.<\/p>\n<p>[\/et_pb_cta][\/et_pb_column][\/et_pb_row][\/et_pb_section]<\/p>\n","protected":false},"excerpt":{"rendered":"<p>Cas clientsDepuis 2020, nous accompagnons nos clients principalement dans le secteur de la formation professionnelle et continue avec une confiance sans cesse renouvell\u00e9e. D\u00e9couvrez quelques uns de nos projets phares avec eux.<div class=\"et_pb_module ba_card ba_card_0\">\n\t\t\t\t\n\t\t\t\t\n\t\t\t\t\n\t\t\t\t\n\t\t\t\t\n\t\t\t\t\n\t\t\t\t<div class=\"et_pb_module_inner\">\n\t\t\t\t\t<div class=\"dtq-module dtq-card dtq-swapped-img-selector dtq-hover--\u00bbtada use-icon-off\">\n                <div class=\"dtq-figure dtq-card-figure\">\n                    \n                    <div class=\"dtq-overlay\">\n\t\t\t\t\t\t<i class=\"dtq-overlay-icon\"><\/i>\n\t\t\t\t\t<\/div>\n                    <img decoding=\"async\" class=\"dtq-img-cover dtq-card-figure-img dtq-swapped-img \" data-mfp-src=\"\" src=\"\"  alt=\"\"\/>\n                <\/div>  <div class=\"dtq-card-content\"><h3 class=\"dtq-card-title\">\u00bbComment<\/h3> <div class=\"dtq-card-desc\">\u00bbArm\u00e9e<\/div> <\/div>\n            <\/div>\n\t\t\t\t<\/div>\n\t\t\t<\/div><\/p>\n","protected":false},"author":1,"featured_media":2634,"parent":0,"menu_order":0,"comment_status":"closed","ping_status":"closed","template":"","meta":{"_et_pb_use_builder":"on","_et_pb_old_content":"","_et_gb_content_width":"","footnotes":""},"class_list":["post-2496","page","type-page","status-publish","has-post-thumbnail","hentry"],"yoast_head":"<!-- This site is optimized with the Yoast SEO plugin v27.4 - https:\/\/yoast.com\/product\/yoast-seo-wordpress\/ -->\n<title>Cas clients - Traindy<\/title>\n<meta name=\"description\" content=\"D\u00e9couvrez quelques uns de nos projets clients les plus repr\u00e9sentatifs de notre expertise en innovation p\u00e9dagogique.\" \/>\n<meta name=\"robots\" content=\"index, follow, max-snippet:-1, max-image-preview:large, max-video-preview:-1\" \/>\n<link rel=\"canonical\" href=\"https:\/\/traindy.io\/fr\/cas-clients\/\" \/>\n<meta property=\"og:locale\" content=\"fr_FR\" \/>\n<meta property=\"og:type\" content=\"article\" \/>\n<meta property=\"og:title\" content=\"Cas clients - Traindy\" \/>\n<meta property=\"og:description\" content=\"D\u00e9couvrez quelques uns de nos projets clients les plus repr\u00e9sentatifs de notre expertise en innovation p\u00e9dagogique.\" \/>\n<meta property=\"og:url\" content=\"https:\/\/traindy.io\/fr\/cas-clients\/\" \/>\n<meta property=\"og:site_name\" content=\"Traindy\" \/>\n<meta property=\"article:modified_time\" content=\"2025-10-27T14:16:20+00:00\" \/>\n<meta property=\"og:image\" content=\"https:\/\/traindy.io\/wp-content\/uploads\/2025\/08\/Traindy-Studio-dinnovation-pedagogique-1.jpg\" \/>\n\t<meta property=\"og:image:width\" content=\"1200\" \/>\n\t<meta property=\"og:image:height\" content=\"627\" \/>\n\t<meta property=\"og:image:type\" content=\"image\/jpeg\" \/>\n<meta name=\"twitter:card\" content=\"summary_large_image\" \/>\n<meta name=\"twitter:title\" content=\"Cas clients - Traindy\" \/>\n<meta name=\"twitter:description\" content=\"D\u00e9couvrez quelques uns de nos projets clients les plus repr\u00e9sentatifs de notre expertise en innovation p\u00e9dagogique.\" \/>\n<meta name=\"twitter:image\" content=\"https:\/\/traindy.io\/wp-content\/uploads\/2025\/08\/Traindy-Studio-dinnovation-pedagogique-1.jpg\" \/>\n<meta name=\"twitter:label1\" content=\"Dur\u00e9e de lecture estim\u00e9e\" \/>\n\t<meta name=\"twitter:data1\" content=\"2 minutes\" \/>\n<script type=\"application\/ld+json\" class=\"yoast-schema-graph\">{\"@context\":\"https:\\\/\\\/schema.org\",\"@graph\":[{\"@type\":\"WebPage\",\"@id\":\"https:\\\/\\\/traindy.io\\\/fr\\\/cas-clients\\\/\",\"url\":\"https:\\\/\\\/traindy.io\\\/fr\\\/cas-clients\\\/\",\"name\":\"Cas clients - Traindy\",\"isPartOf\":{\"@id\":\"https:\\\/\\\/traindy.io\\\/fr\\\/#website\"},\"primaryImageOfPage\":{\"@id\":\"https:\\\/\\\/traindy.io\\\/fr\\\/cas-clients\\\/#primaryimage\"},\"image\":{\"@id\":\"https:\\\/\\\/traindy.io\\\/fr\\\/cas-clients\\\/#primaryimage\"},\"thumbnailUrl\":\"https:\\\/\\\/traindy.io\\\/wp-content\\\/uploads\\\/2025\\\/08\\\/Traindy-Studio-dinnovation-pedagogique-1.jpg\",\"datePublished\":\"2025-08-19T08:27:03+00:00\",\"dateModified\":\"2025-10-27T14:16:20+00:00\",\"description\":\"D\u00e9couvrez quelques uns de nos projets clients les plus repr\u00e9sentatifs de notre expertise en innovation p\u00e9dagogique.\",\"breadcrumb\":{\"@id\":\"https:\\\/\\\/traindy.io\\\/fr\\\/cas-clients\\\/#breadcrumb\"},\"inLanguage\":\"fr-FR\",\"potentialAction\":[{\"@type\":\"ReadAction\",\"target\":[\"https:\\\/\\\/traindy.io\\\/fr\\\/cas-clients\\\/\"]}]},{\"@type\":\"ImageObject\",\"inLanguage\":\"fr-FR\",\"@id\":\"https:\\\/\\\/traindy.io\\\/fr\\\/cas-clients\\\/#primaryimage\",\"url\":\"https:\\\/\\\/traindy.io\\\/wp-content\\\/uploads\\\/2025\\\/08\\\/Traindy-Studio-dinnovation-pedagogique-1.jpg\",\"contentUrl\":\"https:\\\/\\\/traindy.io\\\/wp-content\\\/uploads\\\/2025\\\/08\\\/Traindy-Studio-dinnovation-pedagogique-1.jpg\",\"width\":1200,\"height\":627},{\"@type\":\"BreadcrumbList\",\"@id\":\"https:\\\/\\\/traindy.io\\\/fr\\\/cas-clients\\\/#breadcrumb\",\"itemListElement\":[{\"@type\":\"ListItem\",\"position\":1,\"name\":\"Accueil\",\"item\":\"https:\\\/\\\/traindy.io\\\/fr\\\/\"},{\"@type\":\"ListItem\",\"position\":2,\"name\":\"Cas clients\"}]},{\"@type\":\"WebSite\",\"@id\":\"https:\\\/\\\/traindy.io\\\/fr\\\/#website\",\"url\":\"https:\\\/\\\/traindy.io\\\/fr\\\/\",\"name\":\"Traindy\",\"description\":\"Studio d&#039;innovation p\u00e9dagogique\",\"potentialAction\":[{\"@type\":\"SearchAction\",\"target\":{\"@type\":\"EntryPoint\",\"urlTemplate\":\"https:\\\/\\\/traindy.io\\\/fr\\\/?s={search_term_string}\"},\"query-input\":{\"@type\":\"PropertyValueSpecification\",\"valueRequired\":true,\"valueName\":\"search_term_string\"}}],\"inLanguage\":\"fr-FR\"}]}<\/script>\n<!-- \/ Yoast SEO plugin. -->","yoast_head_json":{"title":"Cas clients - Traindy","description":"D\u00e9couvrez quelques uns de nos projets clients les plus repr\u00e9sentatifs de notre expertise en innovation p\u00e9dagogique.","robots":{"index":"index","follow":"follow","max-snippet":"max-snippet:-1","max-image-preview":"max-image-preview:large","max-video-preview":"max-video-preview:-1"},"canonical":"https:\/\/traindy.io\/fr\/cas-clients\/","og_locale":"fr_FR","og_type":"article","og_title":"Cas clients - Traindy","og_description":"D\u00e9couvrez quelques uns de nos projets clients les plus repr\u00e9sentatifs de notre expertise en innovation p\u00e9dagogique.","og_url":"https:\/\/traindy.io\/fr\/cas-clients\/","og_site_name":"Traindy","article_modified_time":"2025-10-27T14:16:20+00:00","og_image":[{"width":1200,"height":627,"url":"https:\/\/traindy.io\/wp-content\/uploads\/2025\/08\/Traindy-Studio-dinnovation-pedagogique-1.jpg","type":"image\/jpeg"}],"twitter_card":"summary_large_image","twitter_title":"Cas clients - Traindy","twitter_description":"D\u00e9couvrez quelques uns de nos projets clients les plus repr\u00e9sentatifs de notre expertise en innovation p\u00e9dagogique.","twitter_image":"https:\/\/traindy.io\/wp-content\/uploads\/2025\/08\/Traindy-Studio-dinnovation-pedagogique-1.jpg","twitter_misc":{"Dur\u00e9e de lecture estim\u00e9e":"2 minutes"},"schema":{"@context":"https:\/\/schema.org","@graph":[{"@type":"WebPage","@id":"https:\/\/traindy.io\/fr\/cas-clients\/","url":"https:\/\/traindy.io\/fr\/cas-clients\/","name":"Cas clients - Traindy","isPartOf":{"@id":"https:\/\/traindy.io\/fr\/#website"},"primaryImageOfPage":{"@id":"https:\/\/traindy.io\/fr\/cas-clients\/#primaryimage"},"image":{"@id":"https:\/\/traindy.io\/fr\/cas-clients\/#primaryimage"},"thumbnailUrl":"https:\/\/traindy.io\/wp-content\/uploads\/2025\/08\/Traindy-Studio-dinnovation-pedagogique-1.jpg","datePublished":"2025-08-19T08:27:03+00:00","dateModified":"2025-10-27T14:16:20+00:00","description":"D\u00e9couvrez quelques uns de nos projets clients les plus repr\u00e9sentatifs de notre expertise en innovation p\u00e9dagogique.","breadcrumb":{"@id":"https:\/\/traindy.io\/fr\/cas-clients\/#breadcrumb"},"inLanguage":"fr-FR","potentialAction":[{"@type":"ReadAction","target":["https:\/\/traindy.io\/fr\/cas-clients\/"]}]},{"@type":"ImageObject","inLanguage":"fr-FR","@id":"https:\/\/traindy.io\/fr\/cas-clients\/#primaryimage","url":"https:\/\/traindy.io\/wp-content\/uploads\/2025\/08\/Traindy-Studio-dinnovation-pedagogique-1.jpg","contentUrl":"https:\/\/traindy.io\/wp-content\/uploads\/2025\/08\/Traindy-Studio-dinnovation-pedagogique-1.jpg","width":1200,"height":627},{"@type":"BreadcrumbList","@id":"https:\/\/traindy.io\/fr\/cas-clients\/#breadcrumb","itemListElement":[{"@type":"ListItem","position":1,"name":"Accueil","item":"https:\/\/traindy.io\/fr\/"},{"@type":"ListItem","position":2,"name":"Cas clients"}]},{"@type":"WebSite","@id":"https:\/\/traindy.io\/fr\/#website","url":"https:\/\/traindy.io\/fr\/","name":"Traindy","description":"Studio d&#039;innovation p\u00e9dagogique","potentialAction":[{"@type":"SearchAction","target":{"@type":"EntryPoint","urlTemplate":"https:\/\/traindy.io\/fr\/?s={search_term_string}"},"query-input":{"@type":"PropertyValueSpecification","valueRequired":true,"valueName":"search_term_string"}}],"inLanguage":"fr-FR"}]}},"_links":{"self":[{"href":"https:\/\/traindy.io\/fr\/wp-json\/wp\/v2\/pages\/2496","targetHints":{"allow":["GET"]}}],"collection":[{"href":"https:\/\/traindy.io\/fr\/wp-json\/wp\/v2\/pages"}],"about":[{"href":"https:\/\/traindy.io\/fr\/wp-json\/wp\/v2\/types\/page"}],"author":[{"embeddable":true,"href":"https:\/\/traindy.io\/fr\/wp-json\/wp\/v2\/users\/1"}],"replies":[{"embeddable":true,"href":"https:\/\/traindy.io\/fr\/wp-json\/wp\/v2\/comments?post=2496"}],"version-history":[{"count":36,"href":"https:\/\/traindy.io\/fr\/wp-json\/wp\/v2\/pages\/2496\/revisions"}],"predecessor-version":[{"id":3595,"href":"https:\/\/traindy.io\/fr\/wp-json\/wp\/v2\/pages\/2496\/revisions\/3595"}],"wp:featuredmedia":[{"embeddable":true,"href":"https:\/\/traindy.io\/fr\/wp-json\/wp\/v2\/media\/2634"}],"wp:attachment":[{"href":"https:\/\/traindy.io\/fr\/wp-json\/wp\/v2\/media?parent=2496"}],"curies":[{"name":"wp","href":"https:\/\/api.w.org\/{rel}","templated":true}]}}