{"id":1682,"date":"2023-11-27T16:41:54","date_gmt":"2023-11-27T15:41:54","guid":{"rendered":"https:\/\/traindy.io\/?page_id=1682"},"modified":"2025-10-27T17:39:15","modified_gmt":"2025-10-27T16:39:15","slug":"communaute-pedagogique","status":"publish","type":"page","link":"https:\/\/traindy.io\/fr\/communaute-pedagogique\/","title":{"rendered":"Communaut\u00e9 p\u00e9dagogique"},"content":{"rendered":"<p>[et_pb_section fb_built=\u00a0\u00bb1&Prime; prev_background_color=\u00a0\u00bb#3f3748&Prime; _builder_version=\u00a0\u00bb4.24.0&Prime; _module_preset=\u00a0\u00bbdefault\u00a0\u00bb background_color=\u00a0\u00bb#F5EBF0&Prime; custom_margin=\u00a0\u00bb-1px||||false|false\u00a0\u00bb top_divider_style=\u00a0\u00bbwaves2&Prime; global_colors_info=\u00a0\u00bb{}\u00a0\u00bb][et_pb_row column_structure=\u00a0\u00bb2_3,1_3&Prime; make_equal=\u00a0\u00bbon\u00a0\u00bb _builder_version=\u00a0\u00bb4.24.0&Prime; _module_preset=\u00a0\u00bbdefault\u00a0\u00bb custom_margin=\u00a0\u00bb150px||||false|false\u00a0\u00bb custom_margin_tablet=\u00a0\u00bb150px||||false|false\u00a0\u00bb custom_margin_phone=\u00a0\u00bb150px||||false|false\u00a0\u00bb custom_margin_last_edited=\u00a0\u00bbon|tablet\u00a0\u00bb global_colors_info=\u00a0\u00bb{}\u00a0\u00bb][et_pb_column type=\u00a0\u00bb2_3&Prime; _builder_version=\u00a0\u00bb4.24.0&Prime; _module_preset=\u00a0\u00bbdefault\u00a0\u00bb global_colors_info=\u00a0\u00bb{}\u00a0\u00bb][et_pb_text content_tablet=\u00a0\u00bb<\/p>\n<h1 style=%22text-align: center;%22>Rejoignez une <strong>communaut\u00e9<\/strong> centr\u00e9e sur les <strong>sciences cognitives<\/strong> au service de la <strong>p\u00e9dagogie<\/strong>.<\/h1>\n<p>\u00a0\u00bb content_phone=\u00a0\u00bb<\/p>\n<h1 style=%22text-align: center;%22>Rejoignez une <strong>communaut\u00e9<\/strong> centr\u00e9e sur les <strong>sciences cognitives<\/strong> au service de la <strong>p\u00e9dagogie<\/strong>.<\/h1>\n<p>\u00a0\u00bb content_last_edited=\u00a0\u00bbon|tablet\u00a0\u00bb _builder_version=\u00a0\u00bb4.24.0&Prime; header_font=\u00a0\u00bb||||||||\u00a0\u00bb header_text_color=\u00a0\u00bb#323232&Prime; header_font_size=\u00a0\u00bb38px\u00a0\u00bb header_3_font=\u00a0\u00bbPoppins|700|||||||\u00a0\u00bb header_3_text_color=\u00a0\u00bb#323232&Prime; header_3_font_size=\u00a0\u00bb28px\u00a0\u00bb header_3_line_height=\u00a0\u00bb1.3em\u00a0\u00bb custom_margin_tablet=\u00a0\u00bb50px||||false|false\u00a0\u00bb custom_margin_phone=\u00a0\u00bb50px||||false|false\u00a0\u00bb custom_margin_last_edited=\u00a0\u00bbon|tablet\u00a0\u00bb header_3_font_size_tablet=\u00a0\u00bb24px\u00a0\u00bb header_3_font_size_phone=\u00a0\u00bb18px\u00a0\u00bb header_3_font_size_last_edited=\u00a0\u00bbon|phone\u00a0\u00bb locked=\u00a0\u00bboff\u00a0\u00bb global_colors_info=\u00a0\u00bb{}\u00a0\u00bb]<\/p>\n<h1>Rejoignez une <strong>communaut\u00e9<\/strong> centr\u00e9e sur les <strong>sciences cognitives<\/strong> au service de la <strong>p\u00e9dagogie<\/strong>.<\/h1>\n<p>[\/et_pb_text][\/et_pb_column][et_pb_column type=\u00a0\u00bb1_3&Prime; _builder_version=\u00a0\u00bb4.24.0&Prime; _module_preset=\u00a0\u00bbdefault\u00a0\u00bb custom_css_main_element=\u00a0\u00bbmargin: auto;\u00a0\u00bb global_colors_info=\u00a0\u00bb{}\u00a0\u00bb][et_pb_text _builder_version=\u00a0\u00bb4.27.4&Prime; _module_preset=\u00a0\u00bbdefault\u00a0\u00bb text_font_size=\u00a0\u00bb36px\u00a0\u00bb text_letter_spacing=\u00a0\u00bb8px\u00a0\u00bb text_line_height=\u00a0\u00bb0.2em\u00a0\u00bb header_5_font=\u00a0\u00bb|600|||||||\u00a0\u00bb header_5_text_color=\u00a0\u00bb#E73A5E\u00a0\u00bb header_5_font_size=\u00a0\u00bb96px\u00a0\u00bb header_5_letter_spacing=\u00a0\u00bb2px\u00a0\u00bb global_colors_info=\u00a0\u00bb{}\u00a0\u00bb]<\/p>\n<h5 style=\"text-align: center;\">2000+<\/h5>\n<p style=\"text-align: center;\">membres<\/p>\n<p>[\/et_pb_text][\/et_pb_column][\/et_pb_row][\/et_pb_section][et_pb_section fb_built=\u00a0\u00bb1&Prime; _builder_version=\u00a0\u00bb4.24.0&Prime; _module_preset=\u00a0\u00bbdefault\u00a0\u00bb background_color=\u00a0\u00bb#F5EBF0&Prime; global_colors_info=\u00a0\u00bb{}\u00a0\u00bb][et_pb_row column_structure=\u00a0\u00bb1_2,1_2&Prime; _builder_version=\u00a0\u00bb4.24.0&Prime; _module_preset=\u00a0\u00bbdefault\u00a0\u00bb global_colors_info=\u00a0\u00bb{}\u00a0\u00bb][et_pb_column type=\u00a0\u00bb1_2&Prime; _builder_version=\u00a0\u00bb4.24.0&Prime; _module_preset=\u00a0\u00bbdefault\u00a0\u00bb global_colors_info=\u00a0\u00bb{}\u00a0\u00bb][et_pb_text _builder_version=\u00a0\u00bb4.27.4&Prime; _module_preset=\u00a0\u00bbdefault\u00a0\u00bb header_2_text_color=\u00a0\u00bb#FFFFFF\u00a0\u00bb header_2_font_size=\u00a0\u00bb22px\u00a0\u00bb header_3_text_color=\u00a0\u00bb#ffffff\u00a0\u00bb background_color=\u00a0\u00bb#E73A5E\u00a0\u00bb transform_rotate=\u00a0\u00bb0deg|0deg|355deg\u00a0\u00bb custom_margin=\u00a0\u00bb||||false|false\u00a0\u00bb custom_margin_tablet=\u00a0\u00bb50px||||false|false\u00a0\u00bb custom_margin_phone=\u00a0\u00bb50px||||false|false\u00a0\u00bb custom_margin_last_edited=\u00a0\u00bbon|tablet\u00a0\u00bb custom_padding=\u00a0\u00bb12px|12px|2px|12px|false|false\u00a0\u00bb custom_css_main_element=\u00a0\u00bbwidth: fit-content;\u00a0\u00bb border_radii=\u00a0\u00bboff||8px||8px\u00a0\u00bb global_colors_info=\u00a0\u00bb{}\u00a0\u00bb]<\/p>\n<h2 style=\"text-align: left;\"><strong>\u00c0 quoi m\u2019attendre\u2009?<\/strong><\/h2>\n<p>[\/et_pb_text][dsm_icon_list _builder_version=\u00a0\u00bb4.24.0&Prime; _module_preset=\u00a0\u00bbdefault\u00a0\u00bb global_colors_info=\u00a0\u00bb{}\u00a0\u00bb][dsm_icon_list_child text=\u00a0\u00bb\u00c9v\u00e9nements exclusifs\u00a0\u00bb font_icon=\u00a0\u00bb&#xf073;||fa||900&Prime; icon_color=\u00a0\u00bb#4AB2BC\u00a0\u00bb icon_padding=\u00a0\u00bb18px\u00a0\u00bb icon_font_size=\u00a0\u00bb36px\u00a0\u00bb _builder_version=\u00a0\u00bb4.24.0&Prime; _module_preset=\u00a0\u00bbdefault\u00a0\u00bb text_font_size=\u00a0\u00bb20px\u00a0\u00bb global_colors_info=\u00a0\u00bb{}\u00a0\u00bb][\/dsm_icon_list_child][dsm_icon_list_child text=\u00a0\u00bbRapports de recherche\u00a0\u00bb font_icon=\u00a0\u00bb&#xf0c5;||fa||900&Prime; icon_color=\u00a0\u00bb#4AB2BC\u00a0\u00bb icon_padding=\u00a0\u00bb18px\u00a0\u00bb icon_font_size=\u00a0\u00bb36px\u00a0\u00bb _builder_version=\u00a0\u00bb4.24.0&Prime; _module_preset=\u00a0\u00bbdefault\u00a0\u00bb text_font_size=\u00a0\u00bb20px\u00a0\u00bb global_colors_info=\u00a0\u00bb{}\u00a0\u00bb][\/dsm_icon_list_child][dsm_icon_list_child text=\u00a0\u00bbPoints de vue d&rsquo;experts\u00a0\u00bb font_icon=\u00a0\u00bb&#xe072;||divi||400&Prime; icon_color=\u00a0\u00bb#4AB2BC\u00a0\u00bb icon_padding=\u00a0\u00bb18px\u00a0\u00bb icon_font_size=\u00a0\u00bb36px\u00a0\u00bb _builder_version=\u00a0\u00bb4.24.0&Prime; _module_preset=\u00a0\u00bbdefault\u00a0\u00bb text_font_size=\u00a0\u00bb20px\u00a0\u00bb global_colors_info=\u00a0\u00bb{}\u00a0\u00bb][\/dsm_icon_list_child][dsm_icon_list_child text=\u00a0\u00bbRetours d&rsquo;exp\u00e9rience\u00a0\u00bb font_icon=\u00a0\u00bb&#xf086;||fa||900&Prime; icon_color=\u00a0\u00bb#4AB2BC\u00a0\u00bb icon_padding=\u00a0\u00bb15px\u00a0\u00bb icon_font_size=\u00a0\u00bb36px\u00a0\u00bb _builder_version=\u00a0\u00bb4.24.0&Prime; _module_preset=\u00a0\u00bbdefault\u00a0\u00bb text_font_size=\u00a0\u00bb20px\u00a0\u00bb global_colors_info=\u00a0\u00bb{}\u00a0\u00bb][\/dsm_icon_list_child][dsm_icon_list_child text=\u00a0\u00bbParticipation \u00e0 des exp\u00e9rimentations\u00a0\u00bb font_icon=\u00a0\u00bb&#xf0c3;||fa||900&Prime; icon_color=\u00a0\u00bb#4AB2BC\u00a0\u00bb icon_padding=\u00a0\u00bb18px\u00a0\u00bb icon_font_size=\u00a0\u00bb36px\u00a0\u00bb _builder_version=\u00a0\u00bb4.24.0&Prime; _module_preset=\u00a0\u00bbdefault\u00a0\u00bb text_font_size=\u00a0\u00bb20px\u00a0\u00bb global_colors_info=\u00a0\u00bb{}\u00a0\u00bb][\/dsm_icon_list_child][\/dsm_icon_list][et_pb_text _builder_version=\u00a0\u00bb4.24.0&Prime; _module_preset=\u00a0\u00bbdefault\u00a0\u00bb text_text_color=\u00a0\u00bb#979197&Prime; text_font_size=\u00a0\u00bb20px\u00a0\u00bb text_line_height=\u00a0\u00bb0.4em\u00a0\u00bb custom_margin_tablet=\u00a0\u00bb||50px||false|false\u00a0\u00bb custom_margin_phone=\u00a0\u00bb||50px||false|false\u00a0\u00bb custom_margin_last_edited=\u00a0\u00bbon|tablet\u00a0\u00bb global_colors_info=\u00a0\u00bb{}\u00a0\u00bb]<\/p>\n<p style=\"text-align: center;\">Et d&rsquo;autres surprises&#8230;<\/p>\n<p style=\"text-align: center;\">2 \u00e0 3 mails par an max.<\/p>\n<p>[\/et_pb_text][\/et_pb_column][et_pb_column type=\u00a0\u00bb1_2&Prime; _builder_version=\u00a0\u00bb4.24.0&Prime; _module_preset=\u00a0\u00bbdefault\u00a0\u00bb global_colors_info=\u00a0\u00bb{}\u00a0\u00bb][et_pb_image src=\u00a0\u00bbhttps:\/\/traindy.io\/wp-content\/uploads\/2025\/10\/AutonomIA.jpg\u00a0\u00bb title_text=\u00a0\u00bbAutonomIA\u00a0\u00bb url=\u00a0\u00bb@ET-DC@eyJkeW5hbWljIjp0cnVlLCJjb250ZW50IjoicG9zdF9saW5rX3VybF9kbG1fZG93bmxvYWQiLCJzZXR0aW5ncyI6eyJwb3N0X2lkIjoiMzUzNyJ9fQ==@\u00a0\u00bb url_new_window=\u00a0\u00bbon\u00a0\u00bb align=\u00a0\u00bbcenter\u00a0\u00bb _builder_version=\u00a0\u00bb4.27.4&Prime; _dynamic_attributes=\u00a0\u00bburl\u00a0\u00bb _module_preset=\u00a0\u00bbdefault\u00a0\u00bb transform_rotate=\u00a0\u00bb0deg|0deg|355deg\u00a0\u00bb max_height=\u00a0\u00bb500px\u00a0\u00bb custom_margin=\u00a0\u00bb||50px||false|false\u00a0\u00bb animation_style=\u00a0\u00bbfold\u00a0\u00bb animation_direction=\u00a0\u00bbright\u00a0\u00bb border_radii=\u00a0\u00bbon|8px|8px|8px|8px\u00a0\u00bb box_shadow_style=\u00a0\u00bbpreset2&Prime; global_colors_info=\u00a0\u00bb{}\u00a0\u00bb][\/et_pb_image][et_pb_icon font_icon=\u00a0\u00bb&#x32;||divi||400&Prime; icon_color=\u00a0\u00bb#979197&Prime; icon_width=\u00a0\u00bb42px\u00a0\u00bb _builder_version=\u00a0\u00bb4.24.0&Prime; _module_preset=\u00a0\u00bbdefault\u00a0\u00bb custom_margin=\u00a0\u00bb||0px||false|false\u00a0\u00bb global_colors_info=\u00a0\u00bb{}\u00a0\u00bb][\/et_pb_icon][et_pb_text _builder_version=\u00a0\u00bb4.27.4&Prime; _module_preset=\u00a0\u00bbdefault\u00a0\u00bb text_text_color=\u00a0\u00bb#807980&Prime; text_font_size=\u00a0\u00bb16px\u00a0\u00bb text_line_height=\u00a0\u00bb0.5em\u00a0\u00bb custom_margin=\u00a0\u00bb||||false|false\u00a0\u00bb hover_enabled=\u00a0\u00bb0&Prime; global_colors_info=\u00a0\u00bb{}\u00a0\u00bb sticky_enabled=\u00a0\u00bb0&Prime;]<\/p>\n<p style=\"text-align: center;\">Exemple de ressource<\/p>\n<p style=\"text-align: center;\">Cliquez pour t\u00e9l\u00e9charger<\/p>\n<p>[\/et_pb_text][\/et_pb_column][\/et_pb_row][\/et_pb_section][et_pb_section fb_built=\u00a0\u00bb1&Prime; _builder_version=\u00a0\u00bb4.24.0&Prime; _module_preset=\u00a0\u00bbdefault\u00a0\u00bb background_color=\u00a0\u00bb#F5EBF0&Prime; global_colors_info=\u00a0\u00bb{}\u00a0\u00bb][et_pb_row _builder_version=\u00a0\u00bb4.24.0&Prime; _module_preset=\u00a0\u00bbdefault\u00a0\u00bb custom_margin=\u00a0\u00bb||||false|false\u00a0\u00bb global_colors_info=\u00a0\u00bb{}\u00a0\u00bb][et_pb_column type=\u00a0\u00bb4_4&Prime; _builder_version=\u00a0\u00bb4.24.0&Prime; _module_preset=\u00a0\u00bbdefault\u00a0\u00bb global_colors_info=\u00a0\u00bb{}\u00a0\u00bb][et_pb_text _builder_version=\u00a0\u00bb4.24.0&Prime; _module_preset=\u00a0\u00bbdefault\u00a0\u00bb text_font_size=\u00a0\u00bb40px\u00a0\u00bb global_colors_info=\u00a0\u00bb{}\u00a0\u00bb]<\/p>\n<p style=\"text-align: center;\">Rejoindre la communaut\u00e9<\/p>\n<p>[\/et_pb_text][et_pb_code _builder_version=\u00a0\u00bb4.27.4&Prime; _module_preset=\u00a0\u00bbdefault\u00a0\u00bb background_enable_color=\u00a0\u00bboff\u00a0\u00bb custom_padding=\u00a0\u00bb||||false|false\u00a0\u00bb custom_css_main_element=\u00a0\u00bb#gform_submit_button_2 {||  background-color: #ef3a70;||}\u00a0\u00bb border_radii=\u00a0\u00bbon|20px|20px|20px|20px\u00a0\u00bb global_colors_info=\u00a0\u00bb{}\u00a0\u00bb]<\/p>\n<div style=\"width:100%;height:500px;\" data-fillout-id=\"xxDrNi866cus\" data-fillout-embed-type=\"standard\" data-fillout-inherit-parameters data-fillout-dynamic-resize data-fillout-domain=\"forms.traindy.io\" data-source=\"www.traindy.io\"><\/div>\n<p><script src=\"https:\/\/server.fillout.com\/embed\/v1\/\"><\/script>[\/et_pb_code][\/et_pb_column][\/et_pb_row][\/et_pb_section]<\/p>\n","protected":false},"excerpt":{"rendered":"<p>Rejoignez une communaut\u00e9 centr\u00e9e sur les sciences cognitives au service de la p\u00e9dagogie.2000+ membres\u00c0 quoi m\u2019attendre\u2009?<div class=\"et_pb_module dsm_icon_list dsm_icon_list_0\">\n\t\t\t\t\n\t\t\t\t\n\t\t\t\t\n\t\t\t\t\n\t\t\t\t\n\t\t\t\t\n\t\t\t\t<div class=\"et_pb_module_inner\">\n\t\t\t\t\t<ul class=\"dsm_icon_list_items dsm_icon_list_ltr_direction dsm_icon_list_layout_vertical\"><\/ul>\n\t\t\t\t<\/div>\n\t\t\t<\/div><li class=\"dsm_icon_list_child dsm_icon_list_child_0\">\n\t\t\t\t\n\t\t\t\t\n\t\t\t\t\n\t\t\t\t\n\t\t\t\t<span class=\"dsm_icon_list_wrapper\"><span class=\"dsm_icon_list_icon\">\uf073<\/span><\/span><span class=\"dsm_icon_list_text\">\u00c9v\u00e9nements exclusifs<\/span>\n\t\t\t<\/li><li class=\"dsm_icon_list_child dsm_icon_list_child_1\">\n\t\t\t\t\n\t\t\t\t\n\t\t\t\t\n\t\t\t\t\n\t\t\t\t<span class=\"dsm_icon_list_wrapper\"><span class=\"dsm_icon_list_icon\">\uf0c5<\/span><\/span><span class=\"dsm_icon_list_text\">Rapports de recherche<\/span>\n\t\t\t<\/li><li class=\"dsm_icon_list_child dsm_icon_list_child_2\">\n\t\t\t\t\n\t\t\t\t\n\t\t\t\t\n\t\t\t\t\n\t\t\t\t<span class=\"dsm_icon_list_wrapper\"><span class=\"dsm_icon_list_icon\">\ue072<\/span><\/span><span class=\"dsm_icon_list_text\">Points de vue d'experts<\/span>\n\t\t\t<\/li><li class=\"dsm_icon_list_child dsm_icon_list_child_3\">\n\t\t\t\t\n\t\t\t\t\n\t\t\t\t\n\t\t\t\t\n\t\t\t\t<span class=\"dsm_icon_list_wrapper\"><span class=\"dsm_icon_list_icon\"><\/span><\/span><span class=\"dsm_icon_list_text\">\u00bbRetours<\/span>\n\t\t\t<\/li><\/p>\n","protected":false},"author":1,"featured_media":2634,"parent":0,"menu_order":0,"comment_status":"closed","ping_status":"closed","template":"","meta":{"_et_pb_use_builder":"on","_et_pb_old_content":"","_et_gb_content_width":"","footnotes":""},"class_list":["post-1682","page","type-page","status-publish","has-post-thumbnail","hentry"],"yoast_head":"<!-- This site is optimized with the Yoast SEO plugin v27.3 - https:\/\/yoast.com\/product\/yoast-seo-wordpress\/ -->\n<title>Communaut\u00e9 p\u00e9dagogique - Traindy<\/title>\n<meta name=\"description\" content=\"Rejoignez la communaut\u00e9 Traindy autour de la p\u00e9dagogie et des sciences cognitives appliqu\u00e9es (recherches, REX, rencontres exclusives...)\" \/>\n<meta name=\"robots\" content=\"index, follow, max-snippet:-1, max-image-preview:large, max-video-preview:-1\" \/>\n<link rel=\"canonical\" href=\"https:\/\/traindy.io\/fr\/communaute-pedagogique\/\" \/>\n<meta property=\"og:locale\" content=\"fr_FR\" \/>\n<meta property=\"og:type\" content=\"article\" \/>\n<meta property=\"og:title\" content=\"Communaut\u00e9 p\u00e9dagogique - Traindy\" \/>\n<meta property=\"og:description\" content=\"Rejoignez la communaut\u00e9 Traindy autour de la p\u00e9dagogie et des sciences cognitives appliqu\u00e9es (recherches, REX, rencontres exclusives...)\" \/>\n<meta property=\"og:url\" content=\"https:\/\/traindy.io\/fr\/communaute-pedagogique\/\" \/>\n<meta property=\"og:site_name\" content=\"Traindy\" \/>\n<meta property=\"article:modified_time\" content=\"2025-10-27T16:39:15+00:00\" \/>\n<meta property=\"og:image\" content=\"https:\/\/traindy.io\/wp-content\/uploads\/2025\/08\/Traindy-Studio-dinnovation-pedagogique-1.jpg\" \/>\n\t<meta property=\"og:image:width\" content=\"1200\" \/>\n\t<meta property=\"og:image:height\" content=\"627\" \/>\n\t<meta property=\"og:image:type\" content=\"image\/jpeg\" \/>\n<meta name=\"twitter:card\" content=\"summary_large_image\" \/>\n<meta name=\"twitter:title\" content=\"Communaut\u00e9 p\u00e9dagogique - Traindy\" \/>\n<meta name=\"twitter:description\" content=\"Rejoignez la communaut\u00e9 Traindy autour de la p\u00e9dagogie et des sciences cognitives appliqu\u00e9es (recherches, REX, rencontres exclusives...)\" \/>\n<meta name=\"twitter:image\" content=\"https:\/\/traindy.io\/wp-content\/uploads\/2025\/08\/Traindy-Studio-dinnovation-pedagogique-1.jpg\" \/>\n<meta name=\"twitter:label1\" content=\"Dur\u00e9e de lecture estim\u00e9e\" \/>\n\t<meta name=\"twitter:data1\" content=\"1 minute\" \/>\n<script type=\"application\/ld+json\" class=\"yoast-schema-graph\">{\"@context\":\"https:\\\/\\\/schema.org\",\"@graph\":[{\"@type\":\"WebPage\",\"@id\":\"https:\\\/\\\/traindy.io\\\/fr\\\/communaute-pedagogique\\\/\",\"url\":\"https:\\\/\\\/traindy.io\\\/fr\\\/communaute-pedagogique\\\/\",\"name\":\"Communaut\u00e9 p\u00e9dagogique - Traindy\",\"isPartOf\":{\"@id\":\"https:\\\/\\\/traindy.io\\\/fr\\\/#website\"},\"primaryImageOfPage\":{\"@id\":\"https:\\\/\\\/traindy.io\\\/fr\\\/communaute-pedagogique\\\/#primaryimage\"},\"image\":{\"@id\":\"https:\\\/\\\/traindy.io\\\/fr\\\/communaute-pedagogique\\\/#primaryimage\"},\"thumbnailUrl\":\"https:\\\/\\\/traindy.io\\\/wp-content\\\/uploads\\\/2025\\\/08\\\/Traindy-Studio-dinnovation-pedagogique-1.jpg\",\"datePublished\":\"2023-11-27T15:41:54+00:00\",\"dateModified\":\"2025-10-27T16:39:15+00:00\",\"description\":\"Rejoignez la communaut\u00e9 Traindy autour de la p\u00e9dagogie et des sciences cognitives appliqu\u00e9es (recherches, REX, rencontres exclusives...)\",\"breadcrumb\":{\"@id\":\"https:\\\/\\\/traindy.io\\\/fr\\\/communaute-pedagogique\\\/#breadcrumb\"},\"inLanguage\":\"fr-FR\",\"potentialAction\":[{\"@type\":\"ReadAction\",\"target\":[\"https:\\\/\\\/traindy.io\\\/fr\\\/communaute-pedagogique\\\/\"]}]},{\"@type\":\"ImageObject\",\"inLanguage\":\"fr-FR\",\"@id\":\"https:\\\/\\\/traindy.io\\\/fr\\\/communaute-pedagogique\\\/#primaryimage\",\"url\":\"https:\\\/\\\/traindy.io\\\/wp-content\\\/uploads\\\/2025\\\/08\\\/Traindy-Studio-dinnovation-pedagogique-1.jpg\",\"contentUrl\":\"https:\\\/\\\/traindy.io\\\/wp-content\\\/uploads\\\/2025\\\/08\\\/Traindy-Studio-dinnovation-pedagogique-1.jpg\",\"width\":1200,\"height\":627},{\"@type\":\"BreadcrumbList\",\"@id\":\"https:\\\/\\\/traindy.io\\\/fr\\\/communaute-pedagogique\\\/#breadcrumb\",\"itemListElement\":[{\"@type\":\"ListItem\",\"position\":1,\"name\":\"Accueil\",\"item\":\"https:\\\/\\\/traindy.io\\\/fr\\\/\"},{\"@type\":\"ListItem\",\"position\":2,\"name\":\"Communaut\u00e9 p\u00e9dagogique\"}]},{\"@type\":\"WebSite\",\"@id\":\"https:\\\/\\\/traindy.io\\\/fr\\\/#website\",\"url\":\"https:\\\/\\\/traindy.io\\\/fr\\\/\",\"name\":\"Traindy\",\"description\":\"Studio d&#039;innovation p\u00e9dagogique\",\"potentialAction\":[{\"@type\":\"SearchAction\",\"target\":{\"@type\":\"EntryPoint\",\"urlTemplate\":\"https:\\\/\\\/traindy.io\\\/fr\\\/?s={search_term_string}\"},\"query-input\":{\"@type\":\"PropertyValueSpecification\",\"valueRequired\":true,\"valueName\":\"search_term_string\"}}],\"inLanguage\":\"fr-FR\"}]}<\/script>\n<!-- \/ Yoast SEO plugin. -->","yoast_head_json":{"title":"Communaut\u00e9 p\u00e9dagogique - Traindy","description":"Rejoignez la communaut\u00e9 Traindy autour de la p\u00e9dagogie et des sciences cognitives appliqu\u00e9es (recherches, REX, rencontres exclusives...)","robots":{"index":"index","follow":"follow","max-snippet":"max-snippet:-1","max-image-preview":"max-image-preview:large","max-video-preview":"max-video-preview:-1"},"canonical":"https:\/\/traindy.io\/fr\/communaute-pedagogique\/","og_locale":"fr_FR","og_type":"article","og_title":"Communaut\u00e9 p\u00e9dagogique - Traindy","og_description":"Rejoignez la communaut\u00e9 Traindy autour de la p\u00e9dagogie et des sciences cognitives appliqu\u00e9es (recherches, REX, rencontres exclusives...)","og_url":"https:\/\/traindy.io\/fr\/communaute-pedagogique\/","og_site_name":"Traindy","article_modified_time":"2025-10-27T16:39:15+00:00","og_image":[{"width":1200,"height":627,"url":"https:\/\/traindy.io\/wp-content\/uploads\/2025\/08\/Traindy-Studio-dinnovation-pedagogique-1.jpg","type":"image\/jpeg"}],"twitter_card":"summary_large_image","twitter_title":"Communaut\u00e9 p\u00e9dagogique - Traindy","twitter_description":"Rejoignez la communaut\u00e9 Traindy autour de la p\u00e9dagogie et des sciences cognitives appliqu\u00e9es (recherches, REX, rencontres exclusives...)","twitter_image":"https:\/\/traindy.io\/wp-content\/uploads\/2025\/08\/Traindy-Studio-dinnovation-pedagogique-1.jpg","twitter_misc":{"Dur\u00e9e de lecture estim\u00e9e":"1 minute"},"schema":{"@context":"https:\/\/schema.org","@graph":[{"@type":"WebPage","@id":"https:\/\/traindy.io\/fr\/communaute-pedagogique\/","url":"https:\/\/traindy.io\/fr\/communaute-pedagogique\/","name":"Communaut\u00e9 p\u00e9dagogique - Traindy","isPartOf":{"@id":"https:\/\/traindy.io\/fr\/#website"},"primaryImageOfPage":{"@id":"https:\/\/traindy.io\/fr\/communaute-pedagogique\/#primaryimage"},"image":{"@id":"https:\/\/traindy.io\/fr\/communaute-pedagogique\/#primaryimage"},"thumbnailUrl":"https:\/\/traindy.io\/wp-content\/uploads\/2025\/08\/Traindy-Studio-dinnovation-pedagogique-1.jpg","datePublished":"2023-11-27T15:41:54+00:00","dateModified":"2025-10-27T16:39:15+00:00","description":"Rejoignez la communaut\u00e9 Traindy autour de la p\u00e9dagogie et des sciences cognitives appliqu\u00e9es (recherches, REX, rencontres exclusives...)","breadcrumb":{"@id":"https:\/\/traindy.io\/fr\/communaute-pedagogique\/#breadcrumb"},"inLanguage":"fr-FR","potentialAction":[{"@type":"ReadAction","target":["https:\/\/traindy.io\/fr\/communaute-pedagogique\/"]}]},{"@type":"ImageObject","inLanguage":"fr-FR","@id":"https:\/\/traindy.io\/fr\/communaute-pedagogique\/#primaryimage","url":"https:\/\/traindy.io\/wp-content\/uploads\/2025\/08\/Traindy-Studio-dinnovation-pedagogique-1.jpg","contentUrl":"https:\/\/traindy.io\/wp-content\/uploads\/2025\/08\/Traindy-Studio-dinnovation-pedagogique-1.jpg","width":1200,"height":627},{"@type":"BreadcrumbList","@id":"https:\/\/traindy.io\/fr\/communaute-pedagogique\/#breadcrumb","itemListElement":[{"@type":"ListItem","position":1,"name":"Accueil","item":"https:\/\/traindy.io\/fr\/"},{"@type":"ListItem","position":2,"name":"Communaut\u00e9 p\u00e9dagogique"}]},{"@type":"WebSite","@id":"https:\/\/traindy.io\/fr\/#website","url":"https:\/\/traindy.io\/fr\/","name":"Traindy","description":"Studio d&#039;innovation p\u00e9dagogique","potentialAction":[{"@type":"SearchAction","target":{"@type":"EntryPoint","urlTemplate":"https:\/\/traindy.io\/fr\/?s={search_term_string}"},"query-input":{"@type":"PropertyValueSpecification","valueRequired":true,"valueName":"search_term_string"}}],"inLanguage":"fr-FR"}]}},"_links":{"self":[{"href":"https:\/\/traindy.io\/fr\/wp-json\/wp\/v2\/pages\/1682","targetHints":{"allow":["GET"]}}],"collection":[{"href":"https:\/\/traindy.io\/fr\/wp-json\/wp\/v2\/pages"}],"about":[{"href":"https:\/\/traindy.io\/fr\/wp-json\/wp\/v2\/types\/page"}],"author":[{"embeddable":true,"href":"https:\/\/traindy.io\/fr\/wp-json\/wp\/v2\/users\/1"}],"replies":[{"embeddable":true,"href":"https:\/\/traindy.io\/fr\/wp-json\/wp\/v2\/comments?post=1682"}],"version-history":[{"count":37,"href":"https:\/\/traindy.io\/fr\/wp-json\/wp\/v2\/pages\/1682\/revisions"}],"predecessor-version":[{"id":3620,"href":"https:\/\/traindy.io\/fr\/wp-json\/wp\/v2\/pages\/1682\/revisions\/3620"}],"wp:featuredmedia":[{"embeddable":true,"href":"https:\/\/traindy.io\/fr\/wp-json\/wp\/v2\/media\/2634"}],"wp:attachment":[{"href":"https:\/\/traindy.io\/fr\/wp-json\/wp\/v2\/media?parent=1682"}],"curies":[{"name":"wp","href":"https:\/\/api.w.org\/{rel}","templated":true}]}}